{"id":383,"date":"2016-10-27T14:52:41","date_gmt":"2016-10-27T12:52:41","guid":{"rendered":"http:\/\/www.psychotherapie-passusante.com\/hr\/?page_id=383"},"modified":"2021-09-11T18:56:20","modified_gmt":"2021-09-11T16:56:20","slug":"impressum","status":"publish","type":"page","link":"https:\/\/www.psychotherapie-passusante.com\/hr\/impressum\/","title":{"rendered":"Impressum"},"content":{"rendered":"\n<div class=\"is-layout-flex wp-container-2 wp-block-columns alignfull\">\n<div class=\"is-layout-flow wp-block-column\">\n<p><strong>Za sadr\u017eaj odgovorna<br><\/strong>Dr. Mirela E\u0161kinja<br>Hans-Sachs-Gasse 22\/4<br>1180 Be\u010d, Austrija<br>Telefon:&nbsp; +43 681 10793011<\/p>\n\n\n\n<p><strong>Copyright<br><\/strong>Dr. Mirela E\u0161kinja<\/p>\n\n\n\n<p>Upotreba teksta i slike, \u010dak i samo djelomi\u010dna, je ilegalna radnja i potpuno zabranjena, osim ako je prethodno dobiveno pisano odobrenje. Sva prava, posebno pravo na reprodukciju, distribuciju ili prevo\u0111enje su zabranjena. Primjenjuje se austrijski zakon, nadle\u017enost suda u Be\u010du.<\/p>\n\n\n\n<p><strong>Autorsko pravo<br><\/strong>Sadr\u017eaj i radovi na ovim stranicama kreiranim od strane operatora stranice podlije\u017eu austrijskom zakonu o autorskim pravima. Reprodukcija, promjena, distribucija ili bilo koja druga vrsta iskori\u0161tavanja sadr\u017eaja koja ne po\u0161tuju autorska prava trebaju pismenu suglasnost autora ili izvo\u0111a\u010da. Download-i&nbsp; i kopije ove stranice su dopu\u0161teni samo za osobnu, nekomercijalnu uporabu. Ukoliko sadr\u017eaj ne poti\u010de od operatora, autorska prava tre\u0107ih osoba su ispo\u0161tovana i ozna\u010dene kao takva. Ako usprkos toga primijetite kr\u0161enje autorskih prava, molimo da nas obavijestite. Nakon obavijesti o kr\u0161enju, sadr\u017eaj \u0107emo ukloniti.<\/p>\n\n\n\n<p><strong>Izjava o obvezi za\u0161tite osobnih podataka<br><\/strong>Meni je za\u0161tita va\u0161ih osobnih podataka va\u017ena. Va\u0161e podatke stoga obra\u0111ujem isklju\u010divo u skladu sa zakonskim propisima (DSGVO, TKG 2003). U ovoj izjavi vas obavje\u0161tavam o najva\u017enijim aspektima obrade podataka koje imaju veze s mojom web stranicom.<\/p>\n\n\n\n<p><strong>Kontakt<br><\/strong>Ako me kontaktirate e-po\u0161tom, va\u0161e podatke \u0107u \u010duvati \u0161est mjeseci kako bi se va\u0161 prvotni upit ili oni koji \u0107e uslijediti, mogao obraditi . Va\u0161i podaci ne\u0107e biti otkriveni tre\u0107im stranama bez va\u0161eg prethodnog pristanka.<\/p>\n\n\n\n<p><strong>Va\u0161a prava<br><\/strong>Imate pravo pitati koji podaci o vama su spremljeni, zatra\u017eiti njihov ispravak, brisanje ili prijenos.<\/p>\n\n\n\n<p>Ako smatrate da obrada va\u0161ih osobnih podataka nije u skladu sa zakonom, ili su va\u0161a zakonska prava u svezi privatnosti osobnih podataka na bilo koji na\u010din prekr\u0161ena, mo\u017eete se obratiti austrijskom tijelu za za\u0161titu podataka (Datenschutzbeh\u00f6rde).<\/p>\n<\/div>\n<\/div>\n","protected":false},"excerpt":{"rendered":"<p>Za sadr\u017eaj odgovornaDr. Mirela E\u0161kinjaHans-Sachs-Gasse 22\/41180 Be\u010d, AustrijaTelefon:&nbsp; +43 681 10793011 CopyrightDr. Mirela E\u0161kinja Upotreba teksta i slike, \u010dak i samo djelomi\u010dna, je ilegalna radnja i potpuno zabranjena, osim ako je prethodno dobiveno pisano odobrenje. Sva prava, posebno pravo na reprodukciju, distribuciju ili prevo\u0111enje su zabranjena. Primjenjuje se austrijski zakon, nadle\u017enost suda u Be\u010du. Autorsko&hellip; <a class=\"continue\" href=\"https:\/\/www.psychotherapie-passusante.com\/hr\/impressum\/\">Continue Reading Impressum<\/a><\/p>\n","protected":false},"author":1,"featured_media":0,"parent":0,"menu_order":0,"comment_status":"closed","ping_status":"closed","template":"","meta":[],"_links":{"self":[{"href":"https:\/\/www.psychotherapie-passusante.com\/hr\/wp-json\/wp\/v2\/pages\/383"}],"collection":[{"href":"https:\/\/www.psychotherapie-passusante.com\/hr\/wp-json\/wp\/v2\/pages"}],"about":[{"href":"https:\/\/www.psychotherapie-passusante.com\/hr\/wp-json\/wp\/v2\/types\/page"}],"author":[{"embeddable":true,"href":"https:\/\/www.psychotherapie-passusante.com\/hr\/wp-json\/wp\/v2\/users\/1"}],"replies":[{"embeddable":true,"href":"https:\/\/www.psychotherapie-passusante.com\/hr\/wp-json\/wp\/v2\/comments?post=383"}],"version-history":[{"count":5,"href":"https:\/\/www.psychotherapie-passusante.com\/hr\/wp-json\/wp\/v2\/pages\/383\/revisions"}],"predecessor-version":[{"id":671,"href":"https:\/\/www.psychotherapie-passusante.com\/hr\/wp-json\/wp\/v2\/pages\/383\/revisions\/671"}],"wp:attachment":[{"href":"https:\/\/www.psychotherapie-passusante.com\/hr\/wp-json\/wp\/v2\/media?parent=383"}],"curies":[{"name":"wp","href":"https:\/\/api.w.org\/{rel}","templated":true}]}}