{"id":34,"date":"2016-10-14T15:56:41","date_gmt":"2016-10-14T13:56:41","guid":{"rendered":"http:\/\/www.psychotherapie-passusante.com\/?page_id=34&#038;lang=hr"},"modified":"2021-09-11T18:01:38","modified_gmt":"2021-09-11T16:01:38","slug":"o-meni","status":"publish","type":"page","link":"https:\/\/www.psychotherapie-passusante.com\/hr\/o-meni\/","title":{"rendered":"O meni"},"content":{"rendered":"\n<div class=\"is-layout-flex wp-container-3 wp-block-columns alignfull\">\n<div class=\"is-layout-flow wp-block-column\" style=\"flex-basis:66.66%\">\n<p>Moje ime je <strong>Mirela E\u0161kinja<\/strong>. Ja sam psihoterapeutkinja iz integrativne gestalt psihoterapije. Radim u privatnoj praksi.<\/p>\n\n\n\n<p>Zavr\u0161ila sam studij kemijskog in\u017eenjerstva i imam radno iskustvo u farmaceutskoj i prehrambenoj industriji koje ukljucuje rad u timovima.<\/p>\n\n\n\n<p>Oduvijek su me intrigirali me\u0111uljudski odnosi. Inspiracija su mi \u017eene i mu\u0161karci koji su mi pri\u010dali svoje \u017eivotne pri\u010de. I to me je navelo da zapo\u010dnem moj trening iz psihoterapije.<\/p>\n\n\n\n<p>Nudim individualnu psihoterapiju i savjetovanje na hrvatskom, engleskom i njema\u010dkom jeziku. Ovisno o&nbsp; potrebama klijenta psihoterapija mo\u017ee trajati kra\u0107e ili du\u017ee vrijeme. Radim s pojedincima, odraslima i adolescentima koji poti\u010du iz razli\u010ditih sredina, a teme uklju\u010duju anksioznost, depresiju, pitanje identiteta i pripadnosti (\u201cstranac u stranoj zemlji\u201d), egzistencijalna pitanja te partnerske odnose, sve s ciljem kako \u017eivjeti zadovoljnije i sretnije.<\/p>\n\n\n\n<p>Moja uloga psihoterapeutkinje i savjetnice je pru\u017eiti Vam siguran prostor u kojem mo\u017eete sjediti na \u201c\u010distini\u201d svog \u017eivota, razumjeti svoje emocija te dobiti bolji uvid&nbsp; u mogu\u0107nosti koje su pred Vama i izabrati put koji Vam najbolje odgovara.<\/p>\n<\/div>\n\n\n\n<div class=\"is-layout-flow wp-block-column\" style=\"flex-basis:33.33%\">\n<figure class=\"wp-block-image size-large\"><img decoding=\"async\" loading=\"lazy\" width=\"731\" height=\"1024\" src=\"http:\/\/www.psychotherapie-passusante.com\/wp-content\/uploads\/2021\/09\/ME-Fotka-800x1200-1-731x1024.jpg\" alt=\"\" class=\"wp-image-640\" srcset=\"https:\/\/www.psychotherapie-passusante.com\/wp-content\/uploads\/2021\/09\/ME-Fotka-800x1200-1-731x1024.jpg 731w, https:\/\/www.psychotherapie-passusante.com\/wp-content\/uploads\/2021\/09\/ME-Fotka-800x1200-1-214x300.jpg 214w, https:\/\/www.psychotherapie-passusante.com\/wp-content\/uploads\/2021\/09\/ME-Fotka-800x1200-1-768x1076.jpg 768w, https:\/\/www.psychotherapie-passusante.com\/wp-content\/uploads\/2021\/09\/ME-Fotka-800x1200-1-143x200.jpg 143w, https:\/\/www.psychotherapie-passusante.com\/wp-content\/uploads\/2021\/09\/ME-Fotka-800x1200-1-71x100.jpg 71w, https:\/\/www.psychotherapie-passusante.com\/wp-content\/uploads\/2021\/09\/ME-Fotka-800x1200-1.jpg 800w\" sizes=\"(max-width: 731px) 100vw, 731px\" \/><\/figure>\n<\/div>\n<\/div>\n","protected":false},"excerpt":{"rendered":"<p>Moje ime je Mirela E\u0161kinja. Ja sam psihoterapeutkinja iz integrativne gestalt psihoterapije. Radim u privatnoj praksi. Zavr\u0161ila sam studij kemijskog in\u017eenjerstva i imam radno iskustvo u farmaceutskoj i prehrambenoj industriji koje ukljucuje rad u timovima. Oduvijek su me intrigirali me\u0111uljudski odnosi. Inspiracija su mi \u017eene i mu\u0161karci koji su mi pri\u010dali svoje \u017eivotne pri\u010de. I&hellip; <a class=\"continue\" href=\"https:\/\/www.psychotherapie-passusante.com\/hr\/o-meni\/\">Continue Reading O meni<\/a><\/p>\n","protected":false},"author":1,"featured_media":0,"parent":0,"menu_order":0,"comment_status":"closed","ping_status":"closed","template":"","meta":[],"_links":{"self":[{"href":"https:\/\/www.psychotherapie-passusante.com\/hr\/wp-json\/wp\/v2\/pages\/34"}],"collection":[{"href":"https:\/\/www.psychotherapie-passusante.com\/hr\/wp-json\/wp\/v2\/pages"}],"about":[{"href":"https:\/\/www.psychotherapie-passusante.com\/hr\/wp-json\/wp\/v2\/types\/page"}],"author":[{"embeddable":true,"href":"https:\/\/www.psychotherapie-passusante.com\/hr\/wp-json\/wp\/v2\/users\/1"}],"replies":[{"embeddable":true,"href":"https:\/\/www.psychotherapie-passusante.com\/hr\/wp-json\/wp\/v2\/comments?post=34"}],"version-history":[{"count":17,"href":"https:\/\/www.psychotherapie-passusante.com\/hr\/wp-json\/wp\/v2\/pages\/34\/revisions"}],"predecessor-version":[{"id":653,"href":"https:\/\/www.psychotherapie-passusante.com\/hr\/wp-json\/wp\/v2\/pages\/34\/revisions\/653"}],"wp:attachment":[{"href":"https:\/\/www.psychotherapie-passusante.com\/hr\/wp-json\/wp\/v2\/media?parent=34"}],"curies":[{"name":"wp","href":"https:\/\/api.w.org\/{rel}","templated":true}]}}