{"id":19,"date":"2016-10-14T13:53:16","date_gmt":"2016-10-14T11:53:16","guid":{"rendered":"http:\/\/www.psychotherapie-passusante.com\/?page_id=19&#038;lang=hr"},"modified":"2021-09-12T13:44:20","modified_gmt":"2021-09-12T11:44:20","slug":"pocetna","status":"publish","type":"page","link":"https:\/\/www.psychotherapie-passusante.com\/hr\/","title":{"rendered":"Po\u010detna"},"content":{"rendered":"\n<blockquote><p style=\"text-align: center;\"><strong>\u0160to je sjajnije od zlata? &#8211; upita kralj.<\/strong><br><strong>Svjetlost \u2013 odgovori zmija.<\/strong><\/p><p style=\"text-align: center;\"><strong>\u0160to osvje\u017eava vi\u0161e od svjetlosti? \u2013 upita on.<\/strong><br><strong>Razgovor \u2013 odgovori ona.<\/strong><\/p><h6 style=\"text-align: center;\">Johann Wolfgang von Goethe, \u201cBajka o zelenoj zmiji i lijepoj Ljiljani&#8221;<\/h6><\/blockquote>\n\n\n\n<div class=\"is-layout-flex wp-container-3 wp-block-columns alignfull\">\n<div class=\"is-layout-flow wp-block-column\" style=\"flex-basis:66.66%\">\n<p>Kao ljudi, svi poku\u0161avamo \u017eivjeti na\u0161e \u017eivote najbolje \u0161to znamo i umijemo te poku\u0161avamo na\u0107i smisao u ste\u010denim iskustvima.<br>U na\u0161im \u017eivotima postoje situacije kada bi nam pomo\u0107 i podr\u0161ka dobro do\u0161le.<br>Po\u0161tujem one koji se odlu\u010de potra\u017eiti pomo\u0107 i podr\u0161ku.<\/p>\n\n\n\n<h2><strong>Dr. Mirela E\u0161kinja<\/strong><\/h2>\n\n\n\n<h3><strong>PSIHOTERAPEUTKINJA<\/strong><\/h3>\n\n\n\n<h4>Metoda: Integrativna gestalt psihoterapija<br>Ciljna skupina: odrasli i adolescenti<\/h4>\n\n\n\n<p><strong>Kontakt:<\/strong><br>Hans-Sachs-Gasse 22\/4<br>1180 Be\u010d, Austrija<br>Telefon: +43 681 10793011<br>eMail:\u00a0<a href=\"mailto:mirela.eskinja@aon.at\">mirela.eskinja@aon.at<\/a><\/p>\n<\/div>\n\n\n\n<div class=\"is-layout-flow wp-block-column\" style=\"flex-basis:33.33%\">\n<figure class=\"wp-block-image size-large is-resized\"><img decoding=\"async\" loading=\"lazy\" src=\"http:\/\/www.psychotherapie-passusante.com\/wp-content\/uploads\/2021\/09\/ME-Fotka-800x1200-1-731x1024.jpg\" alt=\"\" class=\"wp-image-640\" width=\"366\" height=\"512\" srcset=\"https:\/\/www.psychotherapie-passusante.com\/wp-content\/uploads\/2021\/09\/ME-Fotka-800x1200-1-731x1024.jpg 731w, https:\/\/www.psychotherapie-passusante.com\/wp-content\/uploads\/2021\/09\/ME-Fotka-800x1200-1-214x300.jpg 214w, https:\/\/www.psychotherapie-passusante.com\/wp-content\/uploads\/2021\/09\/ME-Fotka-800x1200-1-768x1076.jpg 768w, https:\/\/www.psychotherapie-passusante.com\/wp-content\/uploads\/2021\/09\/ME-Fotka-800x1200-1-143x200.jpg 143w, https:\/\/www.psychotherapie-passusante.com\/wp-content\/uploads\/2021\/09\/ME-Fotka-800x1200-1-71x100.jpg 71w, https:\/\/www.psychotherapie-passusante.com\/wp-content\/uploads\/2021\/09\/ME-Fotka-800x1200-1.jpg 800w\" sizes=\"(max-width: 366px) 100vw, 366px\" \/><figcaption>Dr. Mirela E\u0161kinja<\/figcaption><\/figure>\n\n\n\n<p>Bit \u0107e mi drago osobno Vas pratiti na Va\u0161em putu.<br><em>Termini po dogovoru telefonom ili putem&nbsp;elektronske po\u0161te.<\/em><\/p>\n<\/div>\n<\/div>\n\n\n\n<p><\/p>\n","protected":false},"excerpt":{"rendered":"<p>\u0160to je sjajnije od zlata? &#8211; upita kralj.Svjetlost \u2013 odgovori zmija. \u0160to osvje\u017eava vi\u0161e od svjetlosti? \u2013 upita on.Razgovor \u2013 odgovori ona. Johann Wolfgang von Goethe, \u201cBajka o zelenoj zmiji i lijepoj Ljiljani&#8221; Kao ljudi, svi poku\u0161avamo \u017eivjeti na\u0161e \u017eivote najbolje \u0161to znamo i umijemo te poku\u0161avamo na\u0107i smisao u ste\u010denim iskustvima.U na\u0161im \u017eivotima postoje&hellip; <a class=\"continue\" href=\"https:\/\/www.psychotherapie-passusante.com\/hr\/\">Continue Reading Po\u010detna<\/a><\/p>\n","protected":false},"author":1,"featured_media":0,"parent":0,"menu_order":0,"comment_status":"closed","ping_status":"open","template":"","meta":[],"_links":{"self":[{"href":"https:\/\/www.psychotherapie-passusante.com\/hr\/wp-json\/wp\/v2\/pages\/19"}],"collection":[{"href":"https:\/\/www.psychotherapie-passusante.com\/hr\/wp-json\/wp\/v2\/pages"}],"about":[{"href":"https:\/\/www.psychotherapie-passusante.com\/hr\/wp-json\/wp\/v2\/types\/page"}],"author":[{"embeddable":true,"href":"https:\/\/www.psychotherapie-passusante.com\/hr\/wp-json\/wp\/v2\/users\/1"}],"replies":[{"embeddable":true,"href":"https:\/\/www.psychotherapie-passusante.com\/hr\/wp-json\/wp\/v2\/comments?post=19"}],"version-history":[{"count":104,"href":"https:\/\/www.psychotherapie-passusante.com\/hr\/wp-json\/wp\/v2\/pages\/19\/revisions"}],"predecessor-version":[{"id":683,"href":"https:\/\/www.psychotherapie-passusante.com\/hr\/wp-json\/wp\/v2\/pages\/19\/revisions\/683"}],"wp:attachment":[{"href":"https:\/\/www.psychotherapie-passusante.com\/hr\/wp-json\/wp\/v2\/media?parent=19"}],"curies":[{"name":"wp","href":"https:\/\/api.w.org\/{rel}","templated":true}]}}