{"id":133,"date":"2016-10-14T18:57:14","date_gmt":"2016-10-14T16:57:14","guid":{"rendered":"http:\/\/www.psychotherapie-passusante.com\/hr\/?page_id=133"},"modified":"2021-09-11T19:00:46","modified_gmt":"2021-09-11T17:00:46","slug":"ponuda","status":"publish","type":"page","link":"https:\/\/www.psychotherapie-passusante.com\/hr\/ponuda\/","title":{"rendered":"Ponuda"},"content":{"rendered":"\n<div class=\"is-layout-flex wp-container-2 wp-block-columns alignfull\">\n<div class=\"is-layout-flow wp-block-column\">\n<h2><strong>Psihoterapija i savjetovanje<\/strong><\/h2>\n\n\n\n<p>Psihoterapija i savjetovanje mo\u017ee pomo\u0107i kada se osje\u0107amo usamljeni, izolirani, kada smo premoreni i svega nam je dosta, svega previ\u0161e, prolazimo kroz veliku \u017eivotnu promjenu, pro\u017eivljavamo gubitak ili rastanak, ili problem jednostavno ne mo\u017eemo rije\u0161iti sami.<\/p>\n\n\n\n<p>Psihoterapija i savjetovanje su prilika za istra\u017eivanje svojih misli i osje\u0107aja, u povjerljivom razgovoru u kojem nema predbacivanja i osude. Razgovor s nekim tko zaista slu\u0161a poma\u017ee da se stvari sagledaju jasnije, da se problemi shvate, napravi svjestan izbor kako se s njima nositi te gdje je to mogu\u0107e \u2013 da se prona\u0111e rje\u0161enje. Sve u svemu, to ubla\u017eava patnju i pove\u0107ava kvalitetu \u017eivota. Psihoterapija mo\u017ee pomo\u0107i pri pronala\u017eenju smisla i svrhe koji mo\u017eda nedostaju u \u017eivotu, poma\u017ee ukloniti prepreke kako bismo \u017eivjeli \u201cpunim plu\u0107ima\u201d i u skladu s na\u0161im potencijalima.<\/p>\n\n\n\n<p>Gestalt psihoterapija je humanisti\u010dki i iskustveni oblik psihoterapije zasnovana na egzistencijalnoj filozofiji, a utemeljili su je Fritz i Laura Perls te Paul Goodman.<\/p>\n\n\n\n<p>Cilj gestalt psihoterapije je posti\u0107i cjelovitost i iskustvo u sada\u0161njem trenutku (\u2018ovdje i sada\u2019). Naglasak je na osobnoj odgovornosti svake osobe za \u017eivot koji \u017eivi te kretanju od ovisnosti prema neovisnosti i cjelovitosti.<\/p>\n\n\n\n<p>Zahvaljuju\u0107i pitanjima koja terapeut postavlja, klijent pove\u0107ava svijest o svojim osje\u0107ajima, osvje\u0161tava \u0161to radi, kako to radi, na svoje probleme po\u010dinje gledati na druga\u010diji na\u010din, u\u010di kako mijenjati samoga sebe te razvija sposobnost da se lak\u0161e suo\u010di sa svakodnevnim \u017eivotnim situacijama i problemima, a istovremeno u\u010di kako prihvatiti i cijeniti sebe.<\/p>\n\n\n\n<p>Terapijski susreti nisu izolirani trenuci ve\u0107 su zajedno s vremenom izme\u0111u susreta dio promjene, dio osobnog rasta i napretka.<\/p>\n\n\n\n<h3><strong>Psihoterapijsko pisanje<\/strong><\/h3>\n\n\n\n<p>Pisanje je prekrasna zanimacija. Pri pisanju formuliramo svoje misli. Dok pi\u0161emo, prisiljeni smo misliti. Pisanje je korisno i pisanje mo\u017ee biti psihoterapija.<\/p>\n\n\n\n<p>Ako volite pisati i lak\u0161e Vam je misli napisati nego izre\u0107i, rado \u0107u Vas pratiti na Va\u0161em putu pisanja.<\/p>\n<\/div>\n<\/div>\n","protected":false},"excerpt":{"rendered":"<p>Psihoterapija i savjetovanje Psihoterapija i savjetovanje mo\u017ee pomo\u0107i kada se osje\u0107amo usamljeni, izolirani, kada smo premoreni i svega nam je dosta, svega previ\u0161e, prolazimo kroz veliku \u017eivotnu promjenu, pro\u017eivljavamo gubitak ili rastanak, ili problem jednostavno ne mo\u017eemo rije\u0161iti sami. Psihoterapija i savjetovanje su prilika za istra\u017eivanje svojih misli i osje\u0107aja, u povjerljivom razgovoru u kojem&hellip; <a class=\"continue\" href=\"https:\/\/www.psychotherapie-passusante.com\/hr\/ponuda\/\">Continue Reading Ponuda<\/a><\/p>\n","protected":false},"author":1,"featured_media":0,"parent":0,"menu_order":0,"comment_status":"closed","ping_status":"closed","template":"","meta":[],"_links":{"self":[{"href":"https:\/\/www.psychotherapie-passusante.com\/hr\/wp-json\/wp\/v2\/pages\/133"}],"collection":[{"href":"https:\/\/www.psychotherapie-passusante.com\/hr\/wp-json\/wp\/v2\/pages"}],"about":[{"href":"https:\/\/www.psychotherapie-passusante.com\/hr\/wp-json\/wp\/v2\/types\/page"}],"author":[{"embeddable":true,"href":"https:\/\/www.psychotherapie-passusante.com\/hr\/wp-json\/wp\/v2\/users\/1"}],"replies":[{"embeddable":true,"href":"https:\/\/www.psychotherapie-passusante.com\/hr\/wp-json\/wp\/v2\/comments?post=133"}],"version-history":[{"count":11,"href":"https:\/\/www.psychotherapie-passusante.com\/hr\/wp-json\/wp\/v2\/pages\/133\/revisions"}],"predecessor-version":[{"id":672,"href":"https:\/\/www.psychotherapie-passusante.com\/hr\/wp-json\/wp\/v2\/pages\/133\/revisions\/672"}],"wp:attachment":[{"href":"https:\/\/www.psychotherapie-passusante.com\/hr\/wp-json\/wp\/v2\/media?parent=133"}],"curies":[{"name":"wp","href":"https:\/\/api.w.org\/{rel}","templated":true}]}}